{"id":66,"date":"2018-02-16T16:13:34","date_gmt":"2018-02-16T15:13:34","guid":{"rendered":"https:\/\/loveco.it\/?page_id=66"},"modified":"2018-02-16T19:06:46","modified_gmt":"2018-02-16T18:06:46","slug":"home","status":"publish","type":"page","link":"https:\/\/www.loveco.it\/","title":{"rendered":"Home"},"content":{"rendered":"\t\t<div data-elementor-type=\"wp-post\" data-elementor-id=\"66\" class=\"elementor elementor-66 elementor-bc-flex-widget\">\n\t\t\t\t\t\t<section class=\"elementor-section elementor-top-section elementor-element elementor-element-fa3d6e3 elementor-section-boxed elementor-section-height-default elementor-section-height-default\" data-id=\"fa3d6e3\" data-element_type=\"section\" data-e-type=\"section\">\n\t\t\t\t\t\t<div class=\"elementor-container elementor-column-gap-default\">\n\t\t\t\t\t<div class=\"elementor-column elementor-col-100 elementor-top-column elementor-element elementor-element-9b36c6b\" data-id=\"9b36c6b\" data-element_type=\"column\" data-e-type=\"column\">\n\t\t\t<div class=\"elementor-widget-wrap elementor-element-populated\">\n\t\t\t\t\t\t<div class=\"elementor-element elementor-element-290b144 elementor-widget elementor-widget-spacer\" data-id=\"290b144\" data-element_type=\"widget\" data-e-type=\"widget\" data-widget_type=\"spacer.default\">\n\t\t\t\t<div class=\"elementor-widget-container\">\n\t\t\t\t\t\t\t<div class=\"elementor-spacer\">\n\t\t\t<div class=\"elementor-spacer-inner\"><\/div>\n\t\t<\/div>\n\t\t\t\t\t\t<\/div>\n\t\t\t\t<\/div>\n\t\t\t\t\t<\/div>\n\t\t<\/div>\n\t\t\t\t\t<\/div>\n\t\t<\/section>\n\t\t\t\t<section class=\"elementor-section elementor-top-section elementor-element elementor-element-e39f81d elementor-section-height-full elementor-section-content-middle elementor-section-boxed elementor-section-height-default elementor-section-items-middle\" data-id=\"e39f81d\" data-element_type=\"section\" data-e-type=\"section\" data-settings=\"{&quot;background_background&quot;:&quot;classic&quot;}\">\n\t\t\t\t\t\t\t<div class=\"elementor-background-overlay\"><\/div>\n\t\t\t\t\t\t\t<div class=\"elementor-container elementor-column-gap-default\">\n\t\t\t\t\t<div class=\"elementor-column elementor-col-100 elementor-top-column elementor-element elementor-element-1601bfe\" data-id=\"1601bfe\" data-element_type=\"column\" data-e-type=\"column\">\n\t\t\t<div class=\"elementor-widget-wrap elementor-element-populated\">\n\t\t\t\t\t\t<div class=\"elementor-element elementor-element-4b5c060 elementor-widget elementor-widget-heading\" data-id=\"4b5c060\" data-element_type=\"widget\" data-e-type=\"widget\" data-widget_type=\"heading.default\">\n\t\t\t\t<div class=\"elementor-widget-container\">\n\t\t\t\t\t<div class=\"elementor-heading-title elementor-size-xxl\">Liberati dall'amianto<\/div>\t\t\t\t<\/div>\n\t\t\t\t<\/div>\n\t\t\t\t<div class=\"elementor-element elementor-element-c3c50b4 elementor-widget elementor-widget-heading\" data-id=\"c3c50b4\" data-element_type=\"widget\" data-e-type=\"widget\" data-widget_type=\"heading.default\">\n\t\t\t\t<div class=\"elementor-widget-container\">\n\t\t\t\t\t<span class=\"elementor-heading-title elementor-size-large\">Sopralluogo e preventivo sempre gratuiti<\/span>\t\t\t\t<\/div>\n\t\t\t\t<\/div>\n\t\t\t\t\t<\/div>\n\t\t<\/div>\n\t\t\t\t\t<\/div>\n\t\t<\/section>\n\t\t\t\t<section class=\"elementor-section elementor-top-section elementor-element elementor-element-d306d19 elementor-section-boxed elementor-section-height-default elementor-section-height-default\" data-id=\"d306d19\" data-element_type=\"section\" data-e-type=\"section\" data-settings=\"{&quot;background_background&quot;:&quot;classic&quot;}\">\n\t\t\t\t\t\t<div class=\"elementor-container elementor-column-gap-default\">\n\t\t\t\t\t<div class=\"elementor-column elementor-col-100 elementor-top-column elementor-element elementor-element-e78b364\" data-id=\"e78b364\" data-element_type=\"column\" data-e-type=\"column\">\n\t\t\t<div class=\"elementor-widget-wrap elementor-element-populated\">\n\t\t\t\t\t\t<div class=\"elementor-element elementor-element-3dbd89a elementor-widget elementor-widget-heading\" data-id=\"3dbd89a\" data-element_type=\"widget\" data-e-type=\"widget\" data-widget_type=\"heading.default\">\n\t\t\t\t<div class=\"elementor-widget-container\">\n\t\t\t\t\t<h1 class=\"elementor-heading-title elementor-size-default\">Smaltimento amianto per un ambiente sano<\/h1>\t\t\t\t<\/div>\n\t\t\t\t<\/div>\n\t\t\t\t<div class=\"elementor-element elementor-element-beacf46 elementor-widget elementor-widget-text-editor\" data-id=\"beacf46\" data-element_type=\"widget\" data-e-type=\"widget\" data-widget_type=\"text-editor.default\">\n\t\t\t\t<div class=\"elementor-widget-container\">\n\t\t\t\t\t\t\t\t\tL\u2019uomo si \u00e8 spinto fino al punto di fabbricare ed usare prodotti estranei alla natura spesso in quantit\u00e0 eccessive e sostanze tossiche per se stesso. Per far diminuire la degradazione dell\u2019ambiente occorre ridurre l\u2019intensit\u00e0 dell\u2019inquinamento. Dobbiamo imparare di nuovo a vivere nei nostri luoghi e conservare e proteggere il pi\u00f9 possibile il mondo naturale. Ecco perch\u00e9 \u00e8 importante proteggere se stessi ed i nostri ambienti bonificando o rimuovendo le sostanze nocive che provocano inquinamento come l\u2019amianto, secondo le procedure corrette e a norma di legge.\t\t\t\t\t\t\t\t<\/div>\n\t\t\t\t<\/div>\n\t\t\t\t<div class=\"elementor-element elementor-element-8a9cd0c elementor-widget elementor-widget-heading\" data-id=\"8a9cd0c\" data-element_type=\"widget\" data-e-type=\"widget\" data-widget_type=\"heading.default\">\n\t\t\t\t<div class=\"elementor-widget-container\">\n\t\t\t\t\t<span class=\"elementor-heading-title elementor-size-large\">La rimozione e lo smaltimento amianto sono il nostro punto di forza, siamo un\u2019azienda certificata ed operiamo principalmente nella provincia di Pisa.<\/span>\t\t\t\t<\/div>\n\t\t\t\t<\/div>\n\t\t\t\t\t<\/div>\n\t\t<\/div>\n\t\t\t\t\t<\/div>\n\t\t<\/section>\n\t\t\t\t<section class=\"elementor-section elementor-top-section elementor-element elementor-element-890dd20 elementor-section-boxed elementor-section-height-default elementor-section-height-default\" data-id=\"890dd20\" data-element_type=\"section\" data-e-type=\"section\" data-settings=\"{&quot;background_background&quot;:&quot;gradient&quot;,&quot;shape_divider_top&quot;:&quot;tilt&quot;}\">\n\t\t\t\t\t<div class=\"elementor-shape elementor-shape-top\" aria-hidden=\"true\" data-negative=\"false\">\n\t\t\t<svg xmlns=\"http:\/\/www.w3.org\/2000\/svg\" viewBox=\"0 0 1000 100\" preserveAspectRatio=\"none\">\n\t<path class=\"elementor-shape-fill\" d=\"M0,6V0h1000v100L0,6z\"\/>\n<\/svg>\t\t<\/div>\n\t\t\t\t\t<div class=\"elementor-container elementor-column-gap-default\">\n\t\t\t\t\t<div class=\"elementor-column elementor-col-100 elementor-top-column elementor-element elementor-element-be2e120\" data-id=\"be2e120\" data-element_type=\"column\" data-e-type=\"column\">\n\t\t\t<div class=\"elementor-widget-wrap elementor-element-populated\">\n\t\t\t\t\t\t<div class=\"elementor-element elementor-element-65db490 elementor-widget elementor-widget-heading\" data-id=\"65db490\" data-element_type=\"widget\" data-e-type=\"widget\" data-widget_type=\"heading.default\">\n\t\t\t\t<div class=\"elementor-widget-container\">\n\t\t\t\t\t<span class=\"elementor-heading-title elementor-size-default\"><b>AMIANTO<\/b><br>\nUN KILLER SILENZIOSO\u200b<\/span>\t\t\t\t<\/div>\n\t\t\t\t<\/div>\n\t\t\t\t\t<\/div>\n\t\t<\/div>\n\t\t\t\t\t<\/div>\n\t\t<\/section>\n\t\t\t\t<\/div>\n\t\t","protected":false},"excerpt":{"rendered":"<p>Liberati dall&#8217;amianto Sopralluogo e preventivo sempre gratuiti Contattaci adesso senza impegno Smaltimento amianto per un ambiente sano L\u2019uomo si \u00e8 spinto fino al punto di fabbricare ed usare prodotti estranei alla natura spesso in quantit\u00e0 eccessive e sostanze tossiche per se stesso. Per far diminuire la degradazione dell\u2019ambiente occorre ridurre l\u2019intensit\u00e0 dell\u2019inquinamento. Dobbiamo imparare di [&hellip;]<\/p>\n","protected":false},"author":1,"featured_media":0,"parent":0,"menu_order":0,"comment_status":"closed","ping_status":"closed","template":"","meta":{"site-sidebar-layout":"no-sidebar","site-content-layout":"page-builder","ast-site-content-layout":"default","site-content-style":"default","site-sidebar-style":"default","ast-global-header-display":"","ast-banner-title-visibility":"","ast-main-header-display":"","ast-hfb-above-header-display":"","ast-hfb-below-header-display":"","ast-hfb-mobile-header-display":"","site-post-title":"disabled","ast-breadcrumbs-content":"","ast-featured-img":"disabled","footer-sml-layout":"","ast-disable-related-posts":"","theme-transparent-header-meta":"default","adv-header-id-meta":"","stick-header-meta":"default","header-above-stick-meta":"","header-main-stick-meta":"","header-below-stick-meta":"","astra-migrate-meta-layouts":"default","ast-page-background-enabled":"default","ast-page-background-meta":{"desktop":{"background-color":"","background-image":"","background-repeat":"repeat","background-position":"center center","background-size":"auto","background-attachment":"scroll","background-type":"","background-media":"","overlay-type":"","overlay-color":"","overlay-opacity":"","overlay-gradient":""},"tablet":{"background-color":"","background-image":"","background-repeat":"repeat","background-position":"center center","background-size":"auto","background-attachment":"scroll","background-type":"","background-media":"","overlay-type":"","overlay-color":"","overlay-opacity":"","overlay-gradient":""},"mobile":{"background-color":"","background-image":"","background-repeat":"repeat","background-position":"center center","background-size":"auto","background-attachment":"scroll","background-type":"","background-media":"","overlay-type":"","overlay-color":"","overlay-opacity":"","overlay-gradient":""}},"ast-content-background-meta":{"desktop":{"background-color":"var(--ast-global-color-5)","background-image":"","background-repeat":"repeat","background-position":"center center","background-size":"auto","background-attachment":"scroll","background-type":"","background-media":"","overlay-type":"","overlay-color":"","overlay-opacity":"","overlay-gradient":""},"tablet":{"background-color":"var(--ast-global-color-5)","background-image":"","background-repeat":"repeat","background-position":"center center","background-size":"auto","background-attachment":"scroll","background-type":"","background-media":"","overlay-type":"","overlay-color":"","overlay-opacity":"","overlay-gradient":""},"mobile":{"background-color":"var(--ast-global-color-5)","background-image":"","background-repeat":"repeat","background-position":"center center","background-size":"auto","background-attachment":"scroll","background-type":"","background-media":"","overlay-type":"","overlay-color":"","overlay-opacity":"","overlay-gradient":""}},"footnotes":""},"class_list":["post-66","page","type-page","status-publish","hentry"],"yoast_head":"<!-- This site is optimized with the Yoast SEO plugin v27.5 - https:\/\/yoast.com\/product\/yoast-seo-wordpress\/ -->\n<title>Home - Loveco<\/title>\n<meta name=\"robots\" content=\"index, follow, max-snippet:-1, max-image-preview:large, max-video-preview:-1\" \/>\n<link rel=\"canonical\" href=\"https:\/\/www.loveco.it\/\" \/>\n<meta property=\"og:locale\" content=\"it_IT\" \/>\n<meta property=\"og:type\" content=\"article\" \/>\n<meta property=\"og:title\" content=\"Home - Loveco\" \/>\n<meta property=\"og:description\" content=\"Liberati dall&#8217;amianto Sopralluogo e preventivo sempre gratuiti Contattaci adesso senza impegno Smaltimento amianto per un ambiente sano L\u2019uomo si \u00e8 spinto fino al punto di fabbricare ed usare prodotti estranei alla natura spesso in quantit\u00e0 eccessive e sostanze tossiche per se stesso. Per far diminuire la degradazione dell\u2019ambiente occorre ridurre l\u2019intensit\u00e0 dell\u2019inquinamento. Dobbiamo imparare di [&hellip;]\" \/>\n<meta property=\"og:url\" content=\"https:\/\/www.loveco.it\/\" \/>\n<meta property=\"og:site_name\" content=\"Loveco\" \/>\n<meta property=\"article:publisher\" content=\"https:\/\/www.facebook.com\/lovecosrl\/\" \/>\n<meta property=\"article:modified_time\" content=\"2018-02-16T18:06:46+00:00\" \/>\n<meta property=\"og:image\" content=\"https:\/\/www.loveco.it\/\/wp-content\/uploads\/2018\/02\/infografica-amianto-loveco-800x2106.jpg\" \/>\n<meta name=\"twitter:card\" content=\"summary_large_image\" \/>\n<meta name=\"twitter:label1\" content=\"Tempo di lettura stimato\" \/>\n\t<meta name=\"twitter:data1\" content=\"1 minuto\" \/>\n<script type=\"application\/ld+json\" class=\"yoast-schema-graph\">{\"@context\":\"https:\\\/\\\/schema.org\",\"@graph\":[{\"@type\":\"WebPage\",\"@id\":\"https:\\\/\\\/www.loveco.it\\\/\",\"url\":\"https:\\\/\\\/www.loveco.it\\\/\",\"name\":\"Home - Loveco\",\"isPartOf\":{\"@id\":\"https:\\\/\\\/www.loveco.it\\\/#website\"},\"primaryImageOfPage\":{\"@id\":\"https:\\\/\\\/www.loveco.it\\\/#primaryimage\"},\"image\":{\"@id\":\"https:\\\/\\\/www.loveco.it\\\/#primaryimage\"},\"thumbnailUrl\":\"https:\\\/\\\/www.loveco.it\\\/\\\/wp-content\\\/uploads\\\/2018\\\/02\\\/infografica-amianto-loveco-800x2106.jpg\",\"datePublished\":\"2018-02-16T15:13:34+00:00\",\"dateModified\":\"2018-02-16T18:06:46+00:00\",\"breadcrumb\":{\"@id\":\"https:\\\/\\\/www.loveco.it\\\/#breadcrumb\"},\"inLanguage\":\"it-IT\",\"potentialAction\":[{\"@type\":\"ReadAction\",\"target\":[\"https:\\\/\\\/www.loveco.it\\\/\"]}]},{\"@type\":\"ImageObject\",\"inLanguage\":\"it-IT\",\"@id\":\"https:\\\/\\\/www.loveco.it\\\/#primaryimage\",\"url\":\"https:\\\/\\\/www.loveco.it\\\/\\\/wp-content\\\/uploads\\\/2018\\\/02\\\/infografica-amianto-loveco-800x2106.jpg\",\"contentUrl\":\"https:\\\/\\\/www.loveco.it\\\/\\\/wp-content\\\/uploads\\\/2018\\\/02\\\/infografica-amianto-loveco-800x2106.jpg\"},{\"@type\":\"BreadcrumbList\",\"@id\":\"https:\\\/\\\/www.loveco.it\\\/#breadcrumb\",\"itemListElement\":[{\"@type\":\"ListItem\",\"position\":1,\"name\":\"Home\",\"item\":\"https:\\\/\\\/www.loveco.it\\\/\"},{\"@type\":\"ListItem\",\"position\":2,\"name\":\"Home\"}]},{\"@type\":\"WebSite\",\"@id\":\"https:\\\/\\\/www.loveco.it\\\/#website\",\"url\":\"https:\\\/\\\/www.loveco.it\\\/\",\"name\":\"Loveco\",\"description\":\"Rimozione e smaltimento amianto\",\"publisher\":{\"@id\":\"https:\\\/\\\/www.loveco.it\\\/#organization\"},\"potentialAction\":[{\"@type\":\"SearchAction\",\"target\":{\"@type\":\"EntryPoint\",\"urlTemplate\":\"https:\\\/\\\/www.loveco.it\\\/?s={search_term_string}\"},\"query-input\":{\"@type\":\"PropertyValueSpecification\",\"valueRequired\":true,\"valueName\":\"search_term_string\"}}],\"inLanguage\":\"it-IT\"},{\"@type\":\"Organization\",\"@id\":\"https:\\\/\\\/www.loveco.it\\\/#organization\",\"name\":\"Loveco S.r.l.\",\"url\":\"https:\\\/\\\/www.loveco.it\\\/\",\"logo\":{\"@type\":\"ImageObject\",\"inLanguage\":\"it-IT\",\"@id\":\"https:\\\/\\\/www.loveco.it\\\/#\\\/schema\\\/logo\\\/image\\\/\",\"url\":\"https:\\\/\\\/www.loveco.it\\\/wp-content\\\/uploads\\\/2018\\\/02\\\/cropped-logo-loveco-web.png\",\"contentUrl\":\"https:\\\/\\\/www.loveco.it\\\/wp-content\\\/uploads\\\/2018\\\/02\\\/cropped-logo-loveco-web.png\",\"width\":355,\"height\":121,\"caption\":\"Loveco S.r.l.\"},\"image\":{\"@id\":\"https:\\\/\\\/www.loveco.it\\\/#\\\/schema\\\/logo\\\/image\\\/\"},\"sameAs\":[\"https:\\\/\\\/www.facebook.com\\\/lovecosrl\\\/\"]}]}<\/script>\n<!-- \/ Yoast SEO plugin. -->","yoast_head_json":{"title":"Home - Loveco","robots":{"index":"index","follow":"follow","max-snippet":"max-snippet:-1","max-image-preview":"max-image-preview:large","max-video-preview":"max-video-preview:-1"},"canonical":"https:\/\/www.loveco.it\/","og_locale":"it_IT","og_type":"article","og_title":"Home - Loveco","og_description":"Liberati dall&#8217;amianto Sopralluogo e preventivo sempre gratuiti Contattaci adesso senza impegno Smaltimento amianto per un ambiente sano L\u2019uomo si \u00e8 spinto fino al punto di fabbricare ed usare prodotti estranei alla natura spesso in quantit\u00e0 eccessive e sostanze tossiche per se stesso. Per far diminuire la degradazione dell\u2019ambiente occorre ridurre l\u2019intensit\u00e0 dell\u2019inquinamento. Dobbiamo imparare di [&hellip;]","og_url":"https:\/\/www.loveco.it\/","og_site_name":"Loveco","article_publisher":"https:\/\/www.facebook.com\/lovecosrl\/","article_modified_time":"2018-02-16T18:06:46+00:00","og_image":[{"url":"https:\/\/www.loveco.it\/\/wp-content\/uploads\/2018\/02\/infografica-amianto-loveco-800x2106.jpg","type":"","width":"","height":""}],"twitter_card":"summary_large_image","twitter_misc":{"Tempo di lettura stimato":"1 minuto"},"schema":{"@context":"https:\/\/schema.org","@graph":[{"@type":"WebPage","@id":"https:\/\/www.loveco.it\/","url":"https:\/\/www.loveco.it\/","name":"Home - Loveco","isPartOf":{"@id":"https:\/\/www.loveco.it\/#website"},"primaryImageOfPage":{"@id":"https:\/\/www.loveco.it\/#primaryimage"},"image":{"@id":"https:\/\/www.loveco.it\/#primaryimage"},"thumbnailUrl":"https:\/\/www.loveco.it\/\/wp-content\/uploads\/2018\/02\/infografica-amianto-loveco-800x2106.jpg","datePublished":"2018-02-16T15:13:34+00:00","dateModified":"2018-02-16T18:06:46+00:00","breadcrumb":{"@id":"https:\/\/www.loveco.it\/#breadcrumb"},"inLanguage":"it-IT","potentialAction":[{"@type":"ReadAction","target":["https:\/\/www.loveco.it\/"]}]},{"@type":"ImageObject","inLanguage":"it-IT","@id":"https:\/\/www.loveco.it\/#primaryimage","url":"https:\/\/www.loveco.it\/\/wp-content\/uploads\/2018\/02\/infografica-amianto-loveco-800x2106.jpg","contentUrl":"https:\/\/www.loveco.it\/\/wp-content\/uploads\/2018\/02\/infografica-amianto-loveco-800x2106.jpg"},{"@type":"BreadcrumbList","@id":"https:\/\/www.loveco.it\/#breadcrumb","itemListElement":[{"@type":"ListItem","position":1,"name":"Home","item":"https:\/\/www.loveco.it\/"},{"@type":"ListItem","position":2,"name":"Home"}]},{"@type":"WebSite","@id":"https:\/\/www.loveco.it\/#website","url":"https:\/\/www.loveco.it\/","name":"Loveco","description":"Rimozione e smaltimento amianto","publisher":{"@id":"https:\/\/www.loveco.it\/#organization"},"potentialAction":[{"@type":"SearchAction","target":{"@type":"EntryPoint","urlTemplate":"https:\/\/www.loveco.it\/?s={search_term_string}"},"query-input":{"@type":"PropertyValueSpecification","valueRequired":true,"valueName":"search_term_string"}}],"inLanguage":"it-IT"},{"@type":"Organization","@id":"https:\/\/www.loveco.it\/#organization","name":"Loveco S.r.l.","url":"https:\/\/www.loveco.it\/","logo":{"@type":"ImageObject","inLanguage":"it-IT","@id":"https:\/\/www.loveco.it\/#\/schema\/logo\/image\/","url":"https:\/\/www.loveco.it\/wp-content\/uploads\/2018\/02\/cropped-logo-loveco-web.png","contentUrl":"https:\/\/www.loveco.it\/wp-content\/uploads\/2018\/02\/cropped-logo-loveco-web.png","width":355,"height":121,"caption":"Loveco S.r.l."},"image":{"@id":"https:\/\/www.loveco.it\/#\/schema\/logo\/image\/"},"sameAs":["https:\/\/www.facebook.com\/lovecosrl\/"]}]}},"_links":{"self":[{"href":"https:\/\/www.loveco.it\/index.php?rest_route=\/wp\/v2\/pages\/66","targetHints":{"allow":["GET"]}}],"collection":[{"href":"https:\/\/www.loveco.it\/index.php?rest_route=\/wp\/v2\/pages"}],"about":[{"href":"https:\/\/www.loveco.it\/index.php?rest_route=\/wp\/v2\/types\/page"}],"author":[{"embeddable":true,"href":"https:\/\/www.loveco.it\/index.php?rest_route=\/wp\/v2\/users\/1"}],"replies":[{"embeddable":true,"href":"https:\/\/www.loveco.it\/index.php?rest_route=%2Fwp%2Fv2%2Fcomments&post=66"}],"version-history":[{"count":5,"href":"https:\/\/www.loveco.it\/index.php?rest_route=\/wp\/v2\/pages\/66\/revisions"}],"predecessor-version":[{"id":102,"href":"https:\/\/www.loveco.it\/index.php?rest_route=\/wp\/v2\/pages\/66\/revisions\/102"}],"wp:attachment":[{"href":"https:\/\/www.loveco.it\/index.php?rest_route=%2Fwp%2Fv2%2Fmedia&parent=66"}],"curies":[{"name":"wp","href":"https:\/\/api.w.org\/{rel}","templated":true}]}}