{"id":13,"date":"2018-02-16T15:06:00","date_gmt":"2018-02-16T14:06:00","guid":{"rendered":"https:\/\/loveco.it\/?page_id=13"},"modified":"2018-02-18T21:35:34","modified_gmt":"2018-02-18T20:35:34","slug":"unazienda-toscana-certificata-rimuovere-smaltire-lamianto","status":"publish","type":"page","link":"https:\/\/www.loveco.it\/?page_id=13","title":{"rendered":"Azienda certificata rimozione amianto e smaltimento amianto"},"content":{"rendered":"\t\t<div data-elementor-type=\"wp-post\" data-elementor-id=\"13\" class=\"elementor elementor-13 elementor-bc-flex-widget\">\n\t\t\t\t\t\t<section class=\"elementor-section elementor-top-section elementor-element elementor-element-6f35dd5 elementor-section-boxed elementor-section-height-default elementor-section-height-default\" data-id=\"6f35dd5\" data-element_type=\"section\" data-e-type=\"section\">\n\t\t\t\t\t\t<div class=\"elementor-container elementor-column-gap-default\">\n\t\t\t\t\t<div class=\"elementor-column elementor-col-66 elementor-top-column elementor-element elementor-element-f0ef0b6\" data-id=\"f0ef0b6\" data-element_type=\"column\" data-e-type=\"column\">\n\t\t\t<div class=\"elementor-widget-wrap elementor-element-populated\">\n\t\t\t\t\t\t<div class=\"elementor-element elementor-element-5af6168 elementor-widget elementor-widget-heading\" data-id=\"5af6168\" data-element_type=\"widget\" data-e-type=\"widget\" data-widget_type=\"heading.default\">\n\t\t\t\t<div class=\"elementor-widget-container\">\n\t\t\t\t\t<h2 class=\"elementor-heading-title elementor-size-default\">La nostra azienda.<\/h2>\t\t\t\t<\/div>\n\t\t\t\t<\/div>\n\t\t\t\t<div class=\"elementor-element elementor-element-bdae980 elementor-widget elementor-widget-text-editor\" data-id=\"bdae980\" data-element_type=\"widget\" data-e-type=\"widget\" data-widget_type=\"text-editor.default\">\n\t\t\t\t<div class=\"elementor-widget-container\">\n\t\t\t\t\t\t\t\t\t<p><b>Lottare per il rispetto dell\u2019ambiente e della propria salute <\/b>\u00e8 un principio importante che si pu\u00f2 attuare in tanti modi diversi, dai pi\u00f9 piccoli gesti quotidiani che ci coinvolgono ogni giorno, a quelli pi\u00f9 umanitari e profondi.<\/p><p>Loveco si occupa principalmente dello smaltimento <b>amianto<\/b> ma anche di smaltimento di altri rifiuti inquinanti e pericolosi nonch\u00e9 della ricostruzione di coperture. Per noi di Loveco lo smaltimento dell\u2019amianto \u00e8 una cosa importantissima \u00e8 per questo che <b>investiamo ogni giorno in professionalit\u00e0, conoscenza, preparazione e tutela<\/b> per svolgere il nostro lavoro in modo serio, lottiamo per contribuire a salvaguardare il nostro ambiente. Noi di Loveco crediamo che ogni rapporto lavorativo sia frutto di una profonda convinzione in ci\u00f2 che si fa, con la serenit\u00e0 di riuscire a portare avanti il lavoro nel modo migliore per una riuscita professionale ed efficace. Loveco \u00e8 <b>una squadra qualificata nello smaltimento amianto,<\/b> che ama il proprio lavoro e agisce con le giuste competenze tecniche e professionali.<\/p><p>Loveco effettua <b>lo smaltimento e la rimozione dell\u2019amianto<\/b> in presente nelle vostre abitazioni e nei vostri uffici, putroppo a volte l\u2019amianto si trova in molti punti delle nostre case e in varie tipologie, non solo nella classiche coperture per tetti ma anche in isolanti, tubazioni ed impianti obsoleti etc\u2026 (leggi la nostra infografica sul l\u2019amianto per scoprire dove potrebbe essere).<\/p><p>Se vuoi maggiori informazioni sul nostro servizio di smaltimento amianto non esitare a contattarci, ci troviamo a Pisa ma operiamo in tutta la Toscana. Spiegaci la tua situazione e fisseremo insieme un appuntamento per effettuare un <b>sopralluogo gratuito per individuare il modo pi\u00f9 giusto per procedere allo smaltimento dell\u2019amianto<\/b>.<\/p>\t\t\t\t\t\t\t\t<\/div>\n\t\t\t\t<\/div>\n\t\t\t\t\t<\/div>\n\t\t<\/div>\n\t\t\t\t<div class=\"elementor-column elementor-col-33 elementor-top-column elementor-element elementor-element-b123e8c\" data-id=\"b123e8c\" data-element_type=\"column\" data-e-type=\"column\" data-settings=\"{&quot;background_background&quot;:&quot;classic&quot;}\">\n\t\t\t<div class=\"elementor-widget-wrap elementor-element-populated\">\n\t\t\t\t\t\t<div class=\"elementor-element elementor-element-9344a27 elementor-widget elementor-widget-heading\" data-id=\"9344a27\" data-element_type=\"widget\" data-e-type=\"widget\" data-widget_type=\"heading.default\">\n\t\t\t\t<div class=\"elementor-widget-container\">\n\t\t\t\t\t<h3 class=\"elementor-heading-title elementor-size-default\">Smaltimento amianto e assistenza costante<\/h3>\t\t\t\t<\/div>\n\t\t\t\t<\/div>\n\t\t\t\t<div class=\"elementor-element elementor-element-e1bfe2f elementor-widget elementor-widget-text-editor\" data-id=\"e1bfe2f\" data-element_type=\"widget\" data-e-type=\"widget\" data-widget_type=\"text-editor.default\">\n\t\t\t\t<div class=\"elementor-widget-container\">\n\t\t\t\t\t\t\t\t\t<p>Il nostro personale tecnico aggiornato e formato professionalmente fornisce anche il servizio di assistenza tecnica sia relativo alla comprensione e gestione di tutta la normativa in ambito ambientale e di smaltimento amianto sia per la risoluzione delle pratiche amministrative e tecniche legate allo svolgimento del lavoro di smaltimento e rimozione amianto e altro materiale pericoloso o inquinante.<\/p><p>I sopralluoghi, le valutazioni in sede sono gratuiti.<\/p>\t\t\t\t\t\t\t\t<\/div>\n\t\t\t\t<\/div>\n\t\t\t\t\t<\/div>\n\t\t<\/div>\n\t\t\t\t\t<\/div>\n\t\t<\/section>\n\t\t\t\t<section class=\"elementor-section elementor-top-section elementor-element elementor-element-6c53f30d elementor-section-boxed elementor-section-height-default elementor-section-height-default\" data-id=\"6c53f30d\" data-element_type=\"section\" data-e-type=\"section\" data-settings=\"{&quot;background_background&quot;:&quot;classic&quot;,&quot;shape_divider_top&quot;:&quot;mountains&quot;}\">\n\t\t\t\t\t<div class=\"elementor-shape elementor-shape-top\" aria-hidden=\"true\" data-negative=\"false\">\n\t\t\t<svg xmlns=\"http:\/\/www.w3.org\/2000\/svg\" viewBox=\"0 0 1000 100\" preserveAspectRatio=\"none\">\n\t<path class=\"elementor-shape-fill\" opacity=\"0.33\" d=\"M473,67.3c-203.9,88.3-263.1-34-320.3,0C66,119.1,0,59.7,0,59.7V0h1000v59.7 c0,0-62.1,26.1-94.9,29.3c-32.8,3.3-62.8-12.3-75.8-22.1C806,49.6,745.3,8.7,694.9,4.7S492.4,59,473,67.3z\"\/>\n\t<path class=\"elementor-shape-fill\" opacity=\"0.66\" d=\"M734,67.3c-45.5,0-77.2-23.2-129.1-39.1c-28.6-8.7-150.3-10.1-254,39.1 s-91.7-34.4-149.2,0C115.7,118.3,0,39.8,0,39.8V0h1000v36.5c0,0-28.2-18.5-92.1-18.5C810.2,18.1,775.7,67.3,734,67.3z\"\/>\n\t<path class=\"elementor-shape-fill\" d=\"M766.1,28.9c-200-57.5-266,65.5-395.1,19.5C242,1.8,242,5.4,184.8,20.6C128,35.8,132.3,44.9,89.9,52.5C28.6,63.7,0,0,0,0 h1000c0,0-9.9,40.9-83.6,48.1S829.6,47,766.1,28.9z\"\/>\n<\/svg>\t\t<\/div>\n\t\t\t\t\t<div class=\"elementor-container elementor-column-gap-default\">\n\t\t\t\t\t<div class=\"elementor-column elementor-col-100 elementor-top-column elementor-element elementor-element-797b5e7a\" data-id=\"797b5e7a\" data-element_type=\"column\" data-e-type=\"column\">\n\t\t\t<div class=\"elementor-widget-wrap elementor-element-populated\">\n\t\t\t\t\t\t<div class=\"elementor-element elementor-element-7da451fb elementor-widget elementor-widget-heading\" data-id=\"7da451fb\" data-element_type=\"widget\" data-e-type=\"widget\" data-widget_type=\"heading.default\">\n\t\t\t\t<div class=\"elementor-widget-container\">\n\t\t\t\t\t<span class=\"elementor-heading-title elementor-size-large\">Da Loveco preventivo e sopralluogo sono sempre gratuiti<\/span>\t\t\t\t<\/div>\n\t\t\t\t<\/div>\n\t\t\t\t\t<\/div>\n\t\t<\/div>\n\t\t\t\t\t<\/div>\n\t\t<\/section>\n\t\t\t\t<\/div>\n\t\t","protected":false},"excerpt":{"rendered":"<p>La nostra azienda. Lottare per il rispetto dell\u2019ambiente e della propria salute \u00e8 un principio importante che si pu\u00f2 attuare in tanti modi diversi, dai pi\u00f9 piccoli gesti quotidiani che ci coinvolgono ogni giorno, a quelli pi\u00f9 umanitari e profondi. Loveco si occupa principalmente dello smaltimento amianto ma anche di smaltimento di altri rifiuti inquinanti [&hellip;]<\/p>\n","protected":false},"author":1,"featured_media":0,"parent":0,"menu_order":0,"comment_status":"closed","ping_status":"closed","template":"","meta":{"site-sidebar-layout":"no-sidebar","site-content-layout":"page-builder","ast-site-content-layout":"default","site-content-style":"default","site-sidebar-style":"default","ast-global-header-display":"","ast-banner-title-visibility":"","ast-main-header-display":"","ast-hfb-above-header-display":"","ast-hfb-below-header-display":"","ast-hfb-mobile-header-display":"","site-post-title":"","ast-breadcrumbs-content":"","ast-featured-img":"disabled","footer-sml-layout":"","ast-disable-related-posts":"","theme-transparent-header-meta":"default","adv-header-id-meta":"","stick-header-meta":"default","header-above-stick-meta":"","header-main-stick-meta":"","header-below-stick-meta":"","astra-migrate-meta-layouts":"default","ast-page-background-enabled":"default","ast-page-background-meta":{"desktop":{"background-color":"","background-image":"","background-repeat":"repeat","background-position":"center center","background-size":"auto","background-attachment":"scroll","background-type":"","background-media":"","overlay-type":"","overlay-color":"","overlay-opacity":"","overlay-gradient":""},"tablet":{"background-color":"","background-image":"","background-repeat":"repeat","background-position":"center center","background-size":"auto","background-attachment":"scroll","background-type":"","background-media":"","overlay-type":"","overlay-color":"","overlay-opacity":"","overlay-gradient":""},"mobile":{"background-color":"","background-image":"","background-repeat":"repeat","background-position":"center center","background-size":"auto","background-attachment":"scroll","background-type":"","background-media":"","overlay-type":"","overlay-color":"","overlay-opacity":"","overlay-gradient":""}},"ast-content-background-meta":{"desktop":{"background-color":"var(--ast-global-color-5)","background-image":"","background-repeat":"repeat","background-position":"center center","background-size":"auto","background-attachment":"scroll","background-type":"","background-media":"","overlay-type":"","overlay-color":"","overlay-opacity":"","overlay-gradient":""},"tablet":{"background-color":"var(--ast-global-color-5)","background-image":"","background-repeat":"repeat","background-position":"center center","background-size":"auto","background-attachment":"scroll","background-type":"","background-media":"","overlay-type":"","overlay-color":"","overlay-opacity":"","overlay-gradient":""},"mobile":{"background-color":"var(--ast-global-color-5)","background-image":"","background-repeat":"repeat","background-position":"center center","background-size":"auto","background-attachment":"scroll","background-type":"","background-media":"","overlay-type":"","overlay-color":"","overlay-opacity":"","overlay-gradient":""}},"footnotes":""},"class_list":["post-13","page","type-page","status-publish","hentry"],"yoast_head":"<!-- This site is optimized with the Yoast SEO plugin v27.5 - https:\/\/yoast.com\/product\/yoast-seo-wordpress\/ -->\n<title>Azienda certificata rimozione amianto e smaltimento amianto - Loveco<\/title>\n<meta name=\"description\" content=\"Siamo un&#039;azienda toscana certificata per la rimozione dell&#039;amianto ed altri rifiuti pericolosi, eseguiamo anche lo smaltimento amianto con bonifica in discariche autorizzate.\" \/>\n<meta name=\"robots\" content=\"index, follow, max-snippet:-1, max-image-preview:large, max-video-preview:-1\" \/>\n<link rel=\"canonical\" href=\"https:\/\/www.loveco.it\/?page_id=13\" \/>\n<meta property=\"og:locale\" content=\"it_IT\" \/>\n<meta property=\"og:type\" content=\"article\" \/>\n<meta property=\"og:title\" content=\"Azienda certificata rimozione amianto e smaltimento amianto - Loveco\" \/>\n<meta property=\"og:description\" content=\"Siamo un&#039;azienda toscana certificata per la rimozione dell&#039;amianto ed altri rifiuti pericolosi, eseguiamo anche lo smaltimento amianto con bonifica in discariche autorizzate.\" \/>\n<meta property=\"og:url\" content=\"https:\/\/www.loveco.it\/?page_id=13\" \/>\n<meta property=\"og:site_name\" content=\"Loveco\" \/>\n<meta property=\"article:publisher\" content=\"https:\/\/www.facebook.com\/lovecosrl\/\" \/>\n<meta property=\"article:modified_time\" content=\"2018-02-18T20:35:34+00:00\" \/>\n<meta name=\"twitter:card\" content=\"summary_large_image\" \/>\n<meta name=\"twitter:label1\" content=\"Tempo di lettura stimato\" \/>\n\t<meta name=\"twitter:data1\" content=\"2 minuti\" \/>\n<script type=\"application\/ld+json\" class=\"yoast-schema-graph\">{\"@context\":\"https:\\\/\\\/schema.org\",\"@graph\":[{\"@type\":\"WebPage\",\"@id\":\"https:\\\/\\\/www.loveco.it\\\/?page_id=13\",\"url\":\"https:\\\/\\\/www.loveco.it\\\/?page_id=13\",\"name\":\"Azienda certificata rimozione amianto e smaltimento amianto - Loveco\",\"isPartOf\":{\"@id\":\"https:\\\/\\\/www.loveco.it\\\/#website\"},\"datePublished\":\"2018-02-16T14:06:00+00:00\",\"dateModified\":\"2018-02-18T20:35:34+00:00\",\"description\":\"Siamo un'azienda toscana certificata per la rimozione dell'amianto ed altri rifiuti pericolosi, eseguiamo anche lo smaltimento amianto con bonifica in discariche autorizzate.\",\"breadcrumb\":{\"@id\":\"https:\\\/\\\/www.loveco.it\\\/?page_id=13#breadcrumb\"},\"inLanguage\":\"it-IT\",\"potentialAction\":[{\"@type\":\"ReadAction\",\"target\":[\"https:\\\/\\\/www.loveco.it\\\/?page_id=13\"]}]},{\"@type\":\"BreadcrumbList\",\"@id\":\"https:\\\/\\\/www.loveco.it\\\/?page_id=13#breadcrumb\",\"itemListElement\":[{\"@type\":\"ListItem\",\"position\":1,\"name\":\"Home\",\"item\":\"https:\\\/\\\/www.loveco.it\\\/\"},{\"@type\":\"ListItem\",\"position\":2,\"name\":\"Azienda certificata rimozione amianto e smaltimento amianto\"}]},{\"@type\":\"WebSite\",\"@id\":\"https:\\\/\\\/www.loveco.it\\\/#website\",\"url\":\"https:\\\/\\\/www.loveco.it\\\/\",\"name\":\"Loveco\",\"description\":\"Rimozione e smaltimento amianto\",\"publisher\":{\"@id\":\"https:\\\/\\\/www.loveco.it\\\/#organization\"},\"potentialAction\":[{\"@type\":\"SearchAction\",\"target\":{\"@type\":\"EntryPoint\",\"urlTemplate\":\"https:\\\/\\\/www.loveco.it\\\/?s={search_term_string}\"},\"query-input\":{\"@type\":\"PropertyValueSpecification\",\"valueRequired\":true,\"valueName\":\"search_term_string\"}}],\"inLanguage\":\"it-IT\"},{\"@type\":\"Organization\",\"@id\":\"https:\\\/\\\/www.loveco.it\\\/#organization\",\"name\":\"Loveco S.r.l.\",\"url\":\"https:\\\/\\\/www.loveco.it\\\/\",\"logo\":{\"@type\":\"ImageObject\",\"inLanguage\":\"it-IT\",\"@id\":\"https:\\\/\\\/www.loveco.it\\\/#\\\/schema\\\/logo\\\/image\\\/\",\"url\":\"https:\\\/\\\/www.loveco.it\\\/wp-content\\\/uploads\\\/2018\\\/02\\\/cropped-logo-loveco-web.png\",\"contentUrl\":\"https:\\\/\\\/www.loveco.it\\\/wp-content\\\/uploads\\\/2018\\\/02\\\/cropped-logo-loveco-web.png\",\"width\":355,\"height\":121,\"caption\":\"Loveco S.r.l.\"},\"image\":{\"@id\":\"https:\\\/\\\/www.loveco.it\\\/#\\\/schema\\\/logo\\\/image\\\/\"},\"sameAs\":[\"https:\\\/\\\/www.facebook.com\\\/lovecosrl\\\/\"]}]}<\/script>\n<!-- \/ Yoast SEO plugin. -->","yoast_head_json":{"title":"Azienda certificata rimozione amianto e smaltimento amianto - Loveco","description":"Siamo un'azienda toscana certificata per la rimozione dell'amianto ed altri rifiuti pericolosi, eseguiamo anche lo smaltimento amianto con bonifica in discariche autorizzate.","robots":{"index":"index","follow":"follow","max-snippet":"max-snippet:-1","max-image-preview":"max-image-preview:large","max-video-preview":"max-video-preview:-1"},"canonical":"https:\/\/www.loveco.it\/?page_id=13","og_locale":"it_IT","og_type":"article","og_title":"Azienda certificata rimozione amianto e smaltimento amianto - Loveco","og_description":"Siamo un'azienda toscana certificata per la rimozione dell'amianto ed altri rifiuti pericolosi, eseguiamo anche lo smaltimento amianto con bonifica in discariche autorizzate.","og_url":"https:\/\/www.loveco.it\/?page_id=13","og_site_name":"Loveco","article_publisher":"https:\/\/www.facebook.com\/lovecosrl\/","article_modified_time":"2018-02-18T20:35:34+00:00","twitter_card":"summary_large_image","twitter_misc":{"Tempo di lettura stimato":"2 minuti"},"schema":{"@context":"https:\/\/schema.org","@graph":[{"@type":"WebPage","@id":"https:\/\/www.loveco.it\/?page_id=13","url":"https:\/\/www.loveco.it\/?page_id=13","name":"Azienda certificata rimozione amianto e smaltimento amianto - Loveco","isPartOf":{"@id":"https:\/\/www.loveco.it\/#website"},"datePublished":"2018-02-16T14:06:00+00:00","dateModified":"2018-02-18T20:35:34+00:00","description":"Siamo un'azienda toscana certificata per la rimozione dell'amianto ed altri rifiuti pericolosi, eseguiamo anche lo smaltimento amianto con bonifica in discariche autorizzate.","breadcrumb":{"@id":"https:\/\/www.loveco.it\/?page_id=13#breadcrumb"},"inLanguage":"it-IT","potentialAction":[{"@type":"ReadAction","target":["https:\/\/www.loveco.it\/?page_id=13"]}]},{"@type":"BreadcrumbList","@id":"https:\/\/www.loveco.it\/?page_id=13#breadcrumb","itemListElement":[{"@type":"ListItem","position":1,"name":"Home","item":"https:\/\/www.loveco.it\/"},{"@type":"ListItem","position":2,"name":"Azienda certificata rimozione amianto e smaltimento amianto"}]},{"@type":"WebSite","@id":"https:\/\/www.loveco.it\/#website","url":"https:\/\/www.loveco.it\/","name":"Loveco","description":"Rimozione e smaltimento amianto","publisher":{"@id":"https:\/\/www.loveco.it\/#organization"},"potentialAction":[{"@type":"SearchAction","target":{"@type":"EntryPoint","urlTemplate":"https:\/\/www.loveco.it\/?s={search_term_string}"},"query-input":{"@type":"PropertyValueSpecification","valueRequired":true,"valueName":"search_term_string"}}],"inLanguage":"it-IT"},{"@type":"Organization","@id":"https:\/\/www.loveco.it\/#organization","name":"Loveco S.r.l.","url":"https:\/\/www.loveco.it\/","logo":{"@type":"ImageObject","inLanguage":"it-IT","@id":"https:\/\/www.loveco.it\/#\/schema\/logo\/image\/","url":"https:\/\/www.loveco.it\/wp-content\/uploads\/2018\/02\/cropped-logo-loveco-web.png","contentUrl":"https:\/\/www.loveco.it\/wp-content\/uploads\/2018\/02\/cropped-logo-loveco-web.png","width":355,"height":121,"caption":"Loveco S.r.l."},"image":{"@id":"https:\/\/www.loveco.it\/#\/schema\/logo\/image\/"},"sameAs":["https:\/\/www.facebook.com\/lovecosrl\/"]}]}},"_links":{"self":[{"href":"https:\/\/www.loveco.it\/index.php?rest_route=\/wp\/v2\/pages\/13","targetHints":{"allow":["GET"]}}],"collection":[{"href":"https:\/\/www.loveco.it\/index.php?rest_route=\/wp\/v2\/pages"}],"about":[{"href":"https:\/\/www.loveco.it\/index.php?rest_route=\/wp\/v2\/types\/page"}],"author":[{"embeddable":true,"href":"https:\/\/www.loveco.it\/index.php?rest_route=\/wp\/v2\/users\/1"}],"replies":[{"embeddable":true,"href":"https:\/\/www.loveco.it\/index.php?rest_route=%2Fwp%2Fv2%2Fcomments&post=13"}],"version-history":[{"count":5,"href":"https:\/\/www.loveco.it\/index.php?rest_route=\/wp\/v2\/pages\/13\/revisions"}],"predecessor-version":[{"id":133,"href":"https:\/\/www.loveco.it\/index.php?rest_route=\/wp\/v2\/pages\/13\/revisions\/133"}],"wp:attachment":[{"href":"https:\/\/www.loveco.it\/index.php?rest_route=%2Fwp%2Fv2%2Fmedia&parent=13"}],"curies":[{"name":"wp","href":"https:\/\/api.w.org\/{rel}","templated":true}]}}